{"id":2003,"date":"2023-02-13T23:50:55","date_gmt":"2023-02-13T23:50:55","guid":{"rendered":"http:\/\/localhost\/embassy\/?page_id=2003"},"modified":"2023-03-01T06:19:17","modified_gmt":"2023-03-01T06:19:17","slug":"registration-in-the-embassy-register","status":"publish","type":"page","link":"https:\/\/ambardcke.org\/fr\/registration-in-the-embassy-register\/","title":{"rendered":"Inscription Au Registre De L\u2019ambassade"},"content":{"rendered":"<div data-elementor-type=\"wp-page\" data-elementor-id=\"2003\" class=\"elementor elementor-2003\">\n\t\t\t\t\t\t\t\t\t<section class=\"elementor-section elementor-top-section elementor-element elementor-element-0e6beaa elementor-section-boxed elementor-section-height-default elementor-section-height-default\" data-id=\"0e6beaa\" data-element_type=\"section\">\n\t\t\t\t\t\t<div class=\"elementor-container elementor-column-gap-default\">\n\t\t\t\t\t<div class=\"elementor-column elementor-col-100 elementor-top-column elementor-element elementor-element-cd8f30c\" data-id=\"cd8f30c\" data-element_type=\"column\">\n\t\t\t<div class=\"elementor-widget-wrap elementor-element-populated\">\n\t\t\t\t\t\t\t\t<div class=\"elementor-element elementor-element-efe44a4 elementor-widget elementor-widget-Services\" data-id=\"efe44a4\" data-element_type=\"widget\" data-widget_type=\"Services.default\">\n\t\t\t\t<div class=\"elementor-widget-container\">\n\t\t\t\n        <!-- Star Services\n    ============================================= -->\n    <div class=\"services-area default-padding\">\n        <div class=\"container\">\n            <div class=\"services-box\">\n                <div class=\"row align-center\">\n\n                    <div class=\"col-lg-5\">\n                        <div class=\"heading-side\">\n                            <!-- Shape Fixed Rotation -->\n                            <div class=\"shape-fixed animation-rotation\">\n                                <img src=\"https:\/\/ambardcke.org\/wp-content\/uploads\/2023\/03\/placeholder.png\" alt=\"Thumb\">\n                            <\/div>\n                            <!-- Shape Fixed Rotation -->\n                            <h5>Enregistrement Consulaire<\/h5>\n                            <h2>Inscription au registre des congolais \u00e9tablis au Kenya<\/h2>\n                            <p>\n                                Le Registre des Congolais \u00e9tabli au Kenya est un registre qui permet aux Congolais de l'\u00e9tranger de b\u00e9n\u00e9ficier de facilit\u00e9s dans leurs d\u00e9marches administratives aupr\u00e8s du poste consulaire (consulat ou ambassade). \n                            <\/p>\n                            <a class=\"btn circle btn-dark border btn-md\" href=\"#\">S'inscrire maintenant<\/a>\n                        <\/div>\n                    <\/div>\n                    \n                    <div class=\"col-lg-7\">\n                        <div class=\"services-items\">\n                            <div class=\"row\">\n                                <div class=\"item-grid col-lg-6 col-md-6\">\n                                                                    <!-- Single Item -->\n                                    <div class=\"single-item\">\n                                        <div class=\"item\">\n                                            <div class=\"icon\">\n                                                <i class=\"flaticon-files-and-folders\"><\/i>\n                                            <\/div>\n                                            <div class=\"info\">\n                                                <h5><a href=\"#\">D\u00e9tails<\/a><\/h5>\n                                                <p>\n                                                    Cette formalit\u00e9 est facultative, gratuite. Il est g\u00e9n\u00e9ralement valable cinq ans, renouvelable.                                                <\/p>\n                                            <\/div>\n                                        <\/div>\n                                    <\/div>\n                                    <!-- End Single Item -->                                <\/div>\n                                \n                                <div class=\"item-grid col-lg-6 col-md-6\">\n                                                                        <!-- Single Item -->\n                                    <div class=\"single-item\">\n                                        <div class=\"item\">\n                                            <div class=\"icon\">\n                                                <i class=\"flaticon-badge\"><\/i>\n                                            <\/div>\n                                            <div class=\"info\">\n                                                <h5><a href=\"#\"><\/a><\/h5>\n                                                <p>\n                                                    L'inscription au Registre, la mise \u00e0 jour de votre dossier et la demande d'annulation s'effectuent sur place \u00e0 l'Ambassade.                                                <\/p>\n                                            <\/div>\n                                        <\/div>\n                                    <\/div>\n                                    <!-- End Single Item -->\n                                <\/div>\n                                \n                            <\/div>\n                        <\/div>\n                    <\/div>\n\n                <\/div>\n            <\/div>\n        <\/div>\n    <\/div>\n    <!-- End Services -->\n\n    \t\t<\/div>\n\t\t\t\t<\/div>\n\t\t\t\t<section class=\"elementor-section elementor-inner-section elementor-element elementor-element-14540b6 elementor-section-boxed elementor-section-height-default elementor-section-height-default\" data-id=\"14540b6\" data-element_type=\"section\">\n\t\t\t\t\t\t<div class=\"elementor-container elementor-column-gap-default\">\n\t\t\t\t\t<div class=\"elementor-column elementor-col-50 elementor-inner-column elementor-element elementor-element-bd1d7da\" data-id=\"bd1d7da\" data-element_type=\"column\">\n\t\t\t<div class=\"elementor-widget-wrap elementor-element-populated\">\n\t\t\t\t\t\t\t\t<div class=\"elementor-element elementor-element-daba53d elementor-widget elementor-widget-heading\" data-id=\"daba53d\" data-element_type=\"widget\" data-widget_type=\"heading.default\">\n\t\t\t\t<div class=\"elementor-widget-container\">\n\t\t\t<style>\/*! elementor - v3.10.2 - 29-01-2023 *\/\n.elementor-heading-title{padding:0;margin:0;line-height:1}.elementor-widget-heading .elementor-heading-title[class*=elementor-size-]>a{color:inherit;font-size:inherit;line-height:inherit}.elementor-widget-heading .elementor-heading-title.elementor-size-small{font-size:15px}.elementor-widget-heading .elementor-heading-title.elementor-size-medium{font-size:19px}.elementor-widget-heading .elementor-heading-title.elementor-size-large{font-size:29px}.elementor-widget-heading .elementor-heading-title.elementor-size-xl{font-size:39px}.elementor-widget-heading .elementor-heading-title.elementor-size-xxl{font-size:59px}<\/style><h4 class=\"elementor-heading-title elementor-size-default\">Premi\u00e8re inscription<\/h4>\t\t<\/div>\n\t\t\t\t<\/div>\n\t\t\t\t<div class=\"elementor-element elementor-element-3c00b71 elementor-widget elementor-widget-text-editor\" data-id=\"3c00b71\" data-element_type=\"widget\" data-widget_type=\"text-editor.default\">\n\t\t\t\t<div class=\"elementor-widget-container\">\n\t\t\t<style>\/*! elementor - v3.10.2 - 29-01-2023 *\/\n.elementor-widget-text-editor.elementor-drop-cap-view-stacked .elementor-drop-cap{background-color:#818a91;color:#fff}.elementor-widget-text-editor.elementor-drop-cap-view-framed .elementor-drop-cap{color:#818a91;border:3px solid;background-color:transparent}.elementor-widget-text-editor:not(.elementor-drop-cap-view-default) .elementor-drop-cap{margin-top:8px}.elementor-widget-text-editor:not(.elementor-drop-cap-view-default) .elementor-drop-cap-letter{width:1em;height:1em}.elementor-widget-text-editor .elementor-drop-cap{float:left;text-align:center;line-height:1;font-size:50px}.elementor-widget-text-editor .elementor-drop-cap-letter{display:inline-block}<\/style>\t\t\t\t<p>Il vous suffit de vous pr\u00e9senter \u00e0 l'ambassade pour remplir votre formulaire d'inscription et pr\u00e9senter, pour vous et vos enfants mineurs, les documents suivants :<\/p><ol><li>Preuve d'identit\u00e9 et de nationalit\u00e9 : carte nationale d'identit\u00e9 congolaise en cours de validit\u00e9 ou expir\u00e9e ou passeport datant de moins de 2 ans<\/li><li>Un justificatif de domicile r\u00e9cent au Kenya indiquant, en caract\u00e8res latins, votre adresse compl\u00e8te avec arrondissement et code postal (et compos\u00e9 si tel est le cas) : Carte de s\u00e9jour + adresse nationale ou Carte de s\u00e9jour + contrat de bail nominatif.<\/li><li>Photo d'identit\u00e9 r\u00e9cente.<\/li><li>Fortement recommand\u00e9 : justificatif de nationalit\u00e9 congolaise (selon votre situation acte de naissance -m\u00eame ancien-, certificat de nationalit\u00e9 congolaise, arr\u00eat\u00e9 de naturalisation) et livret de famille.<\/li><\/ol>\t\t\t\t\t\t<\/div>\n\t\t\t\t<\/div>\n\t\t\t\t\t<\/div>\n\t\t<\/div>\n\t\t\t\t<div class=\"elementor-column elementor-col-50 elementor-inner-column elementor-element elementor-element-f482cc4\" data-id=\"f482cc4\" data-element_type=\"column\">\n\t\t\t<div class=\"elementor-widget-wrap elementor-element-populated\">\n\t\t\t\t\t\t\t\t<div class=\"elementor-element elementor-element-246f20f elementor-widget elementor-widget-heading\" data-id=\"246f20f\" data-element_type=\"widget\" data-widget_type=\"heading.default\">\n\t\t\t\t<div class=\"elementor-widget-container\">\n\t\t\t<h4 class=\"elementor-heading-title elementor-size-default\">Mettre \u00e0 jour votre dossier<\/h4>\t\t<\/div>\n\t\t\t\t<\/div>\n\t\t\t\t<div class=\"elementor-element elementor-element-4371268 elementor-widget elementor-widget-text-editor\" data-id=\"4371268\" data-element_type=\"widget\" data-widget_type=\"text-editor.default\">\n\t\t\t\t<div class=\"elementor-widget-container\">\n\t\t\t\t\t\t\t<p>Si vous \u00eates ou avez \u00e9t\u00e9 inscrit au registre des congolais \u00e9tabli au Kenya, vous pouvez \u00e0 tout moment v\u00e9rifier et mettre \u00e0 jour les donn\u00e9es vous concernant : donn\u00e9es personnelles, situation familiale, donn\u00e9es de s\u00e9curit\u00e9 (personnes \u00e0 pr\u00e9venir en cas d'urgence) aupr\u00e8s de l'ambassade .<\/p><p>En cas de changement d'adresse, il est n\u00e9cessaire de fournir un justificatif de domicile r\u00e9cent au Kenya indiquant, en caract\u00e8res latins, votre adresse compl\u00e8te avec arrondissement et code postal (et compos\u00e9 si c'est le cas) : Carte de s\u00e9jour + adresse nationale ou R\u00e9sidence carte + contrat de bail nominatif.<\/p>\t\t\t\t\t\t<\/div>\n\t\t\t\t<\/div>\n\t\t\t\t<div class=\"elementor-element elementor-element-73037a7 elementor-widget elementor-widget-heading\" data-id=\"73037a7\" data-element_type=\"widget\" data-widget_type=\"heading.default\">\n\t\t\t\t<div class=\"elementor-widget-container\">\n\t\t\t<h4 class=\"elementor-heading-title elementor-size-default\">Renouveler votre inscription<\/h4>\t\t<\/div>\n\t\t\t\t<\/div>\n\t\t\t\t<div class=\"elementor-element elementor-element-3eb9b22 elementor-widget elementor-widget-text-editor\" data-id=\"3eb9b22\" data-element_type=\"widget\" data-widget_type=\"text-editor.default\">\n\t\t\t\t<div class=\"elementor-widget-container\">\n\t\t\t\t\t\t\t<p>Le renouvellement de votre inscription se fait \u00e9galement sur place \u00e0 l'ambassade.<\/p>\t\t\t\t\t\t<\/div>\n\t\t\t\t<\/div>\n\t\t\t\t<div class=\"elementor-element elementor-element-25f4daf elementor-widget elementor-widget-heading\" data-id=\"25f4daf\" data-element_type=\"widget\" data-widget_type=\"heading.default\">\n\t\t\t\t<div class=\"elementor-widget-container\">\n\t\t\t<h4 class=\"elementor-heading-title elementor-size-default\">Demandez votre annulation<\/h4>\t\t<\/div>\n\t\t\t\t<\/div>\n\t\t\t\t<div class=\"elementor-element elementor-element-6d0271b elementor-widget elementor-widget-text-editor\" data-id=\"6d0271b\" data-element_type=\"widget\" data-widget_type=\"text-editor.default\">\n\t\t\t\t<div class=\"elementor-widget-container\">\n\t\t\t\t\t\t\t<p>Si vous quittez le Kenya pour retourner en RDC, vous pouvez demander votre radiation du Registre des Congolais \u00e9tabli au Kenya.<\/p>\t\t\t\t\t\t<\/div>\n\t\t\t\t<\/div>\n\t\t\t\t\t<\/div>\n\t\t<\/div>\n\t\t\t\t\t\t\t<\/div>\n\t\t<\/section>\n\t\t\t\t\t<\/div>\n\t\t<\/div>\n\t\t\t\t\t\t\t<\/div>\n\t\t<\/section>\n\t\t\t\t\t\t\t<\/div>","protected":false},"excerpt":{"rendered":"<p>Consular Regisration Registration in the Register of Congolese Established in Kenya The Register of Congolese established in Kenya is a register that allows Congolese abroad to benefit from facilities in their administrative procedures with the consular post (consulate or embassy). Register Now Particulars This formality is optional, free of charge. It is generally valid for [&hellip;]<\/p>","protected":false},"author":1,"featured_media":1998,"parent":0,"menu_order":0,"comment_status":"closed","ping_status":"closed","template":"page-templates\/pages.php","meta":[],"_links":{"self":[{"href":"https:\/\/ambardcke.org\/fr\/wp-json\/wp\/v2\/pages\/2003"}],"collection":[{"href":"https:\/\/ambardcke.org\/fr\/wp-json\/wp\/v2\/pages"}],"about":[{"href":"https:\/\/ambardcke.org\/fr\/wp-json\/wp\/v2\/types\/page"}],"author":[{"embeddable":true,"href":"https:\/\/ambardcke.org\/fr\/wp-json\/wp\/v2\/users\/1"}],"replies":[{"embeddable":true,"href":"https:\/\/ambardcke.org\/fr\/wp-json\/wp\/v2\/comments?post=2003"}],"version-history":[{"count":16,"href":"https:\/\/ambardcke.org\/fr\/wp-json\/wp\/v2\/pages\/2003\/revisions"}],"predecessor-version":[{"id":2303,"href":"https:\/\/ambardcke.org\/fr\/wp-json\/wp\/v2\/pages\/2003\/revisions\/2303"}],"wp:featuredmedia":[{"embeddable":true,"href":"https:\/\/ambardcke.org\/fr\/wp-json\/wp\/v2\/media\/1998"}],"wp:attachment":[{"href":"https:\/\/ambardcke.org\/fr\/wp-json\/wp\/v2\/media?parent=2003"}],"curies":[{"name":"wp","href":"https:\/\/api.w.org\/{rel}","templated":true}]}}