{"id":2045,"date":"2023-02-14T12:56:48","date_gmt":"2023-02-14T12:56:48","guid":{"rendered":"http:\/\/localhost\/embassy\/?page_id=2045"},"modified":"2026-01-28T08:18:12","modified_gmt":"2026-01-28T08:18:12","slug":"obtaining-a-visa","status":"publish","type":"page","link":"https:\/\/ambardcke.org\/fr\/obtaining-a-visa\/","title":{"rendered":"Obtention D'un Visa"},"content":{"rendered":"<div data-elementor-type=\"wp-page\" data-elementor-id=\"2045\" class=\"elementor elementor-2045\">\n\t\t\t\t\t\t\t\t\t<section class=\"elementor-section elementor-top-section elementor-element elementor-element-0e6beaa elementor-section-boxed elementor-section-height-default elementor-section-height-default\" data-id=\"0e6beaa\" data-element_type=\"section\">\n\t\t\t\t\t\t<div class=\"elementor-container elementor-column-gap-default\">\n\t\t\t\t\t<div class=\"elementor-column elementor-col-100 elementor-top-column elementor-element elementor-element-cd8f30c\" data-id=\"cd8f30c\" data-element_type=\"column\">\n\t\t\t<div class=\"elementor-widget-wrap elementor-element-populated\">\n\t\t\t\t\t\t\t\t<div class=\"elementor-element elementor-element-f4c25f6 elementor-widget elementor-widget-Services\" data-id=\"f4c25f6\" data-element_type=\"widget\" data-widget_type=\"Services.default\">\n\t\t\t\t<div class=\"elementor-widget-container\">\n\t\t\t\n        <!-- Star Services\n    ============================================= -->\n    <div class=\"services-area default-padding\">\n        <div class=\"container\">\n            <div class=\"services-box\">\n                <div class=\"row align-center\">\n\n                    <div class=\"col-lg-5\">\n                        <div class=\"heading-side\">\n                            <!-- Shape Fixed Rotation -->\n                            <div class=\"shape-fixed animation-rotation\">\n                                <img src=\"https:\/\/ambardcke.org\/wp-content\/uploads\/2023\/03\/placeholder.png\" alt=\"Thumb\">\n                            <\/div>\n                            <!-- Shape Fixed Rotation -->\n                            <h5>Information<\/h5>\n                            <h2>Exigences en Mati\u00e8re de Visa<\/h2>\n                            <p>\n                                Une fois que toutes les conditions de VISA ont \u00e9t\u00e9 remplies et que votre demande a \u00e9t\u00e9 approuv\u00e9e, le paiement peut \u00eatre effectu\u00e9.  \n                            <\/p>\n                            <a class=\"btn circle btn-dark border btn-md\" href=\"#\">Demander un VISA<\/a>\n                        <\/div>\n                    <\/div>\n                    \n                    <div class=\"col-lg-7\">\n                        <div class=\"services-items\">\n                            <div class=\"row\">\n                                <div class=\"item-grid col-lg-6 col-md-6\">\n                                                                    <!-- Single Item -->\n                                    <div class=\"single-item\">\n                                        <div class=\"item\">\n                                            <div class=\"icon\">\n                                                <i class=\"flaticon-complaint\"><\/i>\n                                            <\/div>\n                                            <div class=\"info\">\n                                                <h5><a href=\"#\">Nouvelles exigences VISA<\/a><\/h5>\n                                                <p>\n                                                    1. Toute personne souhaitant visiter la R\u00e9publique D\u00e9mocratique du Congo, doit avoir un certificat Covid-19 attestant de son statut 72 heures avant le voyage.                                                <\/p>\n                                            <\/div>\n                                        <\/div>\n                                    <\/div>\n                                    <!-- End Single Item -->                                <\/div>\n                                \n                                <div class=\"item-grid col-lg-6 col-md-6\">\n                                                                        <!-- Single Item -->\n                                    <div class=\"single-item\">\n                                        <div class=\"item\">\n                                            <div class=\"icon\">\n                                                <i class=\"flaticon-complaint\"><\/i>\n                                            <\/div>\n                                            <div class=\"info\">\n                                                <h5><a href=\"#\">Nouvelles exigences VISA<\/a><\/h5>\n                                                <p>\n                                                    \n2. Les citoyens kenyans peuvent entrer en RDC sans visa.                                                <\/p>\n                                            <\/div>\n                                        <\/div>\n                                    <\/div>\n                                    <!-- End Single Item -->                                    <!-- Single Item -->\n                                    <div class=\"single-item\">\n                                        <div class=\"item\">\n                                            <div class=\"icon\">\n                                                <i class=\"flaticon-complaint\"><\/i>\n                                            <\/div>\n                                            <div class=\"info\">\n                                                <h5><a href=\"#\">Nouvelles exigences VISA<\/a><\/h5>\n                                                <p>\n                                                    3. Pour les non-Kenyans, la proc\u00e9dure prend au maximum 5 jours ouvrables.                                                <\/p>\n                                            <\/div>\n                                        <\/div>\n                                    <\/div>\n                                    <!-- End Single Item -->\n                                <\/div>\n                                \n                            <\/div>\n                        <\/div>\n                    <\/div>\n\n                <\/div>\n            <\/div>\n        <\/div>\n    <\/div>\n    <!-- End Services -->\n\n    \t\t<\/div>\n\t\t\t\t<\/div>\n\t\t\t\t<section class=\"elementor-section elementor-inner-section elementor-element elementor-element-8056889 elementor-section-boxed elementor-section-height-default elementor-section-height-default\" data-id=\"8056889\" data-element_type=\"section\">\n\t\t\t\t\t\t<div class=\"elementor-container elementor-column-gap-default\">\n\t\t\t\t\t<div class=\"elementor-column elementor-col-50 elementor-inner-column elementor-element elementor-element-87676ad\" data-id=\"87676ad\" data-element_type=\"column\">\n\t\t\t<div class=\"elementor-widget-wrap elementor-element-populated\">\n\t\t\t\t\t\t\t\t<div class=\"elementor-element elementor-element-00c0f21 elementor-widget elementor-widget-heading\" data-id=\"00c0f21\" data-element_type=\"widget\" data-widget_type=\"heading.default\">\n\t\t\t\t<div class=\"elementor-widget-container\">\n\t\t\t<style>\/*! elementor - v3.10.2 - 29-01-2023 *\/\n.elementor-heading-title{padding:0;margin:0;line-height:1}.elementor-widget-heading .elementor-heading-title[class*=elementor-size-]>a{color:inherit;font-size:inherit;line-height:inherit}.elementor-widget-heading .elementor-heading-title.elementor-size-small{font-size:15px}.elementor-widget-heading .elementor-heading-title.elementor-size-medium{font-size:19px}.elementor-widget-heading .elementor-heading-title.elementor-size-large{font-size:29px}.elementor-widget-heading .elementor-heading-title.elementor-size-xl{font-size:39px}.elementor-widget-heading .elementor-heading-title.elementor-size-xxl{font-size:59px}<\/style><h2 class=\"elementor-heading-title elementor-size-default\">Avis Public<\/h2>\t\t<\/div>\n\t\t\t\t<\/div>\n\t\t\t\t<div class=\"elementor-element elementor-element-433a23c elementor-widget elementor-widget-text-editor\" data-id=\"433a23c\" data-element_type=\"widget\" data-widget_type=\"text-editor.default\">\n\t\t\t\t<div class=\"elementor-widget-container\">\n\t\t\t<style>\/*! elementor - v3.10.2 - 29-01-2023 *\/\n.elementor-widget-text-editor.elementor-drop-cap-view-stacked .elementor-drop-cap{background-color:#818a91;color:#fff}.elementor-widget-text-editor.elementor-drop-cap-view-framed .elementor-drop-cap{color:#818a91;border:3px solid;background-color:transparent}.elementor-widget-text-editor:not(.elementor-drop-cap-view-default) .elementor-drop-cap{margin-top:8px}.elementor-widget-text-editor:not(.elementor-drop-cap-view-default) .elementor-drop-cap-letter{width:1em;height:1em}.elementor-widget-text-editor .elementor-drop-cap{float:left;text-align:center;line-height:1;font-size:50px}.elementor-widget-text-editor .elementor-drop-cap-letter{display:inline-block}<\/style>\t\t\t\t<p data-start=\"49\" data-end=\"241\"><strong data-start=\"49\" data-end=\"115\">Ambassade de la R\u00e9publique d\u00e9mocratique du Congo \u00e0 Nairobi <\/strong>souhaite informer le public que, \u00e0 compter du <strong data-start=\"162\" data-end=\"190\">Lundi 10 novembre 2025<\/strong>, l'ambassade commencera \u00e0 d\u00e9livrer <strong data-start=\"223\" data-end=\"240\">autocollants de visa<\/strong>.<\/p><p data-start=\"243\" data-end=\"539\">\u00c0 cet \u00e9gard, un <strong data-start=\"262\" data-end=\"301\">frais de service suppl\u00e9mentaires de 7 000 KES<\/strong> s'appliquera.<br data-start=\"313\" data-end=\"316\" \/>Ce montant couvre divers services administratifs, notamment la r\u00e9ception des demandes de visa, la prise de photos d'identit\u00e9, le traitement des donn\u00e9es, la collecte d'informations, la prise de rendez-vous et d'autres services administratifs connexes.<\/p><p data-start=\"541\" data-end=\"636\">Les frais de service suppl\u00e9mentaires sont payables via <strong data-start=\"583\" data-end=\"593\">M-Pesa<\/strong> au num\u00e9ro suivant:<br data-start=\"618\" data-end=\"621\" \/><strong data-start=\"621\" data-end=\"635\">0745149093<\/strong>.<\/p>\t\t\t\t\t\t<\/div>\n\t\t\t\t<\/div>\n\t\t\t\t<div class=\"elementor-element elementor-element-c7b46b8 elementor-widget elementor-widget-heading\" data-id=\"c7b46b8\" data-element_type=\"widget\" data-widget_type=\"heading.default\">\n\t\t\t\t<div class=\"elementor-widget-container\">\n\t\t\t<h2 class=\"elementor-heading-title elementor-size-default\">Exigences g\u00e9n\u00e9rales<\/h2>\t\t<\/div>\n\t\t\t\t<\/div>\n\t\t\t\t<div class=\"elementor-element elementor-element-570d5eb elementor-icon-list--layout-traditional elementor-list-item-link-full_width elementor-widget elementor-widget-icon-list\" data-id=\"570d5eb\" data-element_type=\"widget\" data-widget_type=\"icon-list.default\">\n\t\t\t\t<div class=\"elementor-widget-container\">\n\t\t\t<link rel=\"stylesheet\" href=\"https:\/\/ambardcke.org\/wp-content\/plugins\/elementor\/assets\/css\/widget-icon-list.min.css\">\t\t<ul class=\"elementor-icon-list-items\">\n\t\t\t\t\t\t\t<li class=\"elementor-icon-list-item\">\n\t\t\t\t\t\t\t\t\t\t\t<span class=\"elementor-icon-list-icon\">\n\t\t\t\t\t\t\t<i aria-hidden=\"true\" class=\"fas fa-check\"><\/i>\t\t\t\t\t\t<\/span>\n\t\t\t\t\t\t\t\t\t\t<span class=\"elementor-icon-list-text\">Le passeport doit \u00eatre valide (6 mois maximum)<\/span>\n\t\t\t\t\t\t\t\t\t<\/li>\n\t\t\t\t\t\t\t\t<li class=\"elementor-icon-list-item\">\n\t\t\t\t\t\t\t\t\t\t\t<span class=\"elementor-icon-list-icon\">\n\t\t\t\t\t\t\t<i aria-hidden=\"true\" class=\"fas fa-check\"><\/i>\t\t\t\t\t\t<\/span>\n\t\t\t\t\t\t\t\t\t\t<span class=\"elementor-icon-list-text\">Photocopie du passeport en couleur<\/span>\n\t\t\t\t\t\t\t\t\t<\/li>\n\t\t\t\t\t\t\t\t<li class=\"elementor-icon-list-item\">\n\t\t\t\t\t\t\t\t\t\t\t<span class=\"elementor-icon-list-icon\">\n\t\t\t\t\t\t\t<i aria-hidden=\"true\" class=\"fas fa-check\"><\/i>\t\t\t\t\t\t<\/span>\n\t\t\t\t\t\t\t\t\t\t<span class=\"elementor-icon-list-text\">Le passeport doit avoir au moins deux pages vierges pour un tampon de visa<\/span>\n\t\t\t\t\t\t\t\t\t<\/li>\n\t\t\t\t\t\t\t\t<li class=\"elementor-icon-list-item\">\n\t\t\t\t\t\t\t\t\t\t\t<span class=\"elementor-icon-list-icon\">\n\t\t\t\t\t\t\t<i aria-hidden=\"true\" class=\"fas fa-check\"><\/i>\t\t\t\t\t\t<\/span>\n\t\t\t\t\t\t\t\t\t\t<span class=\"elementor-icon-list-text\">Permis de s\u00e9jour pour les citoyens non kenyans (maximum 6 mois)<\/span>\n\t\t\t\t\t\t\t\t\t<\/li>\n\t\t\t\t\t\t\t\t<li class=\"elementor-icon-list-item\">\n\t\t\t\t\t\t\t\t\t\t\t<span class=\"elementor-icon-list-icon\">\n\t\t\t\t\t\t\t<i aria-hidden=\"true\" class=\"fas fa-check\"><\/i>\t\t\t\t\t\t<\/span>\n\t\t\t\t\t\t\t\t\t\t<span class=\"elementor-icon-list-text\">Une photo d\u2019identit\u00e9 en couleur, vue de face avec une lumi\u00e8re ordinaire<\/span>\n\t\t\t\t\t\t\t\t\t<\/li>\n\t\t\t\t\t\t\t\t<li class=\"elementor-icon-list-item\">\n\t\t\t\t\t\t\t\t\t\t\t<span class=\"elementor-icon-list-icon\">\n\t\t\t\t\t\t\t<i aria-hidden=\"true\" class=\"fas fa-check\"><\/i>\t\t\t\t\t\t<\/span>\n\t\t\t\t\t\t\t\t\t\t<span class=\"elementor-icon-list-text\">Moyens de s\u00e9jour \u00e0 justifier<\/span>\n\t\t\t\t\t\t\t\t\t<\/li>\n\t\t\t\t\t\t\t\t<li class=\"elementor-icon-list-item\">\n\t\t\t\t\t\t\t\t\t\t\t<span class=\"elementor-icon-list-icon\">\n\t\t\t\t\t\t\t<i aria-hidden=\"true\" class=\"fas fa-check\"><\/i>\t\t\t\t\t\t<\/span>\n\t\t\t\t\t\t\t\t\t\t<span class=\"elementor-icon-list-text\">Valid vaccination certificate<\/span>\n\t\t\t\t\t\t\t\t\t<\/li>\n\t\t\t\t\t\t\t\t<li class=\"elementor-icon-list-item\">\n\t\t\t\t\t\t\t\t\t\t\t<span class=\"elementor-icon-list-icon\">\n\t\t\t\t\t\t\t<i aria-hidden=\"true\" class=\"fas fa-check\"><\/i>\t\t\t\t\t\t<\/span>\n\t\t\t\t\t\t\t\t\t\t<span class=\"elementor-icon-list-text\">Indiquez les raisons du voyage en RD Congo<\/span>\n\t\t\t\t\t\t\t\t\t<\/li>\n\t\t\t\t\t\t\t\t<li class=\"elementor-icon-list-item\">\n\t\t\t\t\t\t\t\t\t\t\t<span class=\"elementor-icon-list-icon\">\n\t\t\t\t\t\t\t<i aria-hidden=\"true\" class=\"fas fa-check\"><\/i>\t\t\t\t\t\t<\/span>\n\t\t\t\t\t\t\t\t\t\t<span class=\"elementor-icon-list-text\">Remplissez strictement le formulaire de demande de visa<\/span>\n\t\t\t\t\t\t\t\t\t<\/li>\n\t\t\t\t\t\t<\/ul>\n\t\t\t\t<\/div>\n\t\t\t\t<\/div>\n\t\t\t\t<div class=\"elementor-element elementor-element-9b57672 elementor-widget elementor-widget-text-editor\" data-id=\"9b57672\" data-element_type=\"widget\" data-widget_type=\"text-editor.default\">\n\t\t\t\t<div class=\"elementor-widget-container\">\n\t\t\t\t\t\t\t<p>Le formulaire de demande de visa peut \u00eatre t\u00e9l\u00e9charg\u00e9 <a href=\"https:\/\/ambardcke.org\/wp-content\/uploads\/2023\/03\/Visa-Application-Form.pdf\">ici<\/a>.<\/p>\t\t\t\t\t\t<\/div>\n\t\t\t\t<\/div>\n\t\t\t\t\t<\/div>\n\t\t<\/div>\n\t\t\t\t<div class=\"elementor-column elementor-col-50 elementor-inner-column elementor-element elementor-element-2f2697e\" data-id=\"2f2697e\" data-element_type=\"column\">\n\t\t\t<div class=\"elementor-widget-wrap elementor-element-populated\">\n\t\t\t\t\t\t\t\t<div class=\"elementor-element elementor-element-5344630 elementor-widget elementor-widget-heading\" data-id=\"5344630\" data-element_type=\"widget\" data-widget_type=\"heading.default\">\n\t\t\t\t<div class=\"elementor-widget-container\">\n\t\t\t<h2 class=\"elementor-heading-title elementor-size-default\">Exigences sp\u00e9cifiques<\/h2>\t\t<\/div>\n\t\t\t\t<\/div>\n\t\t\t\t<div class=\"elementor-element elementor-element-ea86a5a elementor-widget elementor-widget-text-editor\" data-id=\"ea86a5a\" data-element_type=\"widget\" data-widget_type=\"text-editor.default\">\n\t\t\t\t<div class=\"elementor-widget-container\">\n\t\t\t\t\t\t\t<div id=\"comp-lay5zrqa\" class=\"KcpHeO tz5f0K comp-lay5zrqa wixui-text\" data-testid=\"richTextElement\"><h5><strong>1. Institution publique:<\/strong><\/h5><p>Le demandeur doit soumettre une invitation l\u00e9galis\u00e9e par l\u2019organisation invitante.<\/p><p>N.B : LA LETTRE D\u2019INVITATION DE LA RDC DOIT \u00caTRE CERTIFI\u00c9E SOIT PAR LE MINIST\u00c8RE DES AFFAIRES \u00c9TRANG\u00c8RES DE LA RDC, SOIT PAR LE NOTAIRE DE LA VILLE EN RDC.<\/p><h5><strong>2. Candidat invit\u00e9 par une personne physique ou morale:<\/strong><\/h5><p>Parrainage d\u00e9livr\u00e9 par le si\u00e8ge du D\u00e9partement de l'Immigration de la R\u00e9publique D\u00e9mocratique du Congo.<\/p><h5><strong>3. Op\u00e9rateur \u00e9conomique ou investisseur:<\/strong><\/h5><p>Relev\u00e9 bancaire justifiant les moyens de s\u00e9jour en R\u00e9publique d\u00e9mocratique du Congo.<\/p><h5><strong>4. \u00c9tudiant:<\/strong><\/h5><p>Preuve d'admission dans les instituts ou universit\u00e9s enregistr\u00e9s.<\/p><h5><strong>5. Personne de l\u2019op\u00e9rateur scientifique, culturel et sportif:<\/strong><\/h5><p>Invitation l\u00e9galis\u00e9e \u00e9mise par l'organisation invitante.<\/p><h5><strong>6. Journaliste:<\/strong><\/h5><p>\u2022 Carte de presse<br \/>\u2022 Permis de couverture d\u00e9livr\u00e9 par le minist\u00e8re de la communication et des m\u00e9dias.<\/p><h5><strong>7. Membre d\u2019ONG:<\/strong><\/h5><p>Acte d'accord ou invitation du minist\u00e8re du Plan.<\/p><h5><strong>8. Membre d\u2019une organisation religieuse:<\/strong><\/h5><p>\u2022 Ordre de mission<br \/>\u2022 Certificat de service missionnaire<br \/>\u2022 Lettre d'invitation certifi\u00e9e de l'organisation religieuse en R\u00e9publique d\u00e9mocratique du Congo.<\/p><h5><strong>9. \u00c0 des fins touristiques:<\/strong><\/h5><p>\u2022 Demande formelle du candidat<br \/>\u2022 Relev\u00e9 bancaire justifiant les moyens de s\u00e9jour en R\u00e9publique d\u00e9mocratique du Congo.<\/p><p>Pour t\u00e9l\u00e9charger le formulaire de demande de visa cliquez ici<br \/>IMPORTANT : Le processus d\u2019obtention est assujetti aux taux de chancellerie en vigueur.<\/p><p>To start the visa application process, click here.<\/p><\/div>\t\t\t\t\t\t<\/div>\n\t\t\t\t<\/div>\n\t\t\t\t\t<\/div>\n\t\t<\/div>\n\t\t\t\t\t\t\t<\/div>\n\t\t<\/section>\n\t\t\t\t\t<\/div>\n\t\t<\/div>\n\t\t\t\t\t\t\t<\/div>\n\t\t<\/section>\n\t\t\t\t\t\t\t<\/div>","protected":false},"excerpt":{"rendered":"<p>Information VISA Requirements After all VISA requirements have been met and your application has been approved, payment can then be made. Apply for VISA New Visa Requirements 1. Anyone wishing to visit the Democratic Republic of Congo, must have a Covid-19 certificate attesting to their status 72 hours before travel. New Visa Requirements 2. For [&hellip;]<\/p>","protected":false},"author":1,"featured_media":2047,"parent":0,"menu_order":0,"comment_status":"closed","ping_status":"closed","template":"page-templates\/pages.php","meta":[],"_links":{"self":[{"href":"https:\/\/ambardcke.org\/fr\/wp-json\/wp\/v2\/pages\/2045"}],"collection":[{"href":"https:\/\/ambardcke.org\/fr\/wp-json\/wp\/v2\/pages"}],"about":[{"href":"https:\/\/ambardcke.org\/fr\/wp-json\/wp\/v2\/types\/page"}],"author":[{"embeddable":true,"href":"https:\/\/ambardcke.org\/fr\/wp-json\/wp\/v2\/users\/1"}],"replies":[{"embeddable":true,"href":"https:\/\/ambardcke.org\/fr\/wp-json\/wp\/v2\/comments?post=2045"}],"version-history":[{"count":43,"href":"https:\/\/ambardcke.org\/fr\/wp-json\/wp\/v2\/pages\/2045\/revisions"}],"predecessor-version":[{"id":27581,"href":"https:\/\/ambardcke.org\/fr\/wp-json\/wp\/v2\/pages\/2045\/revisions\/27581"}],"wp:featuredmedia":[{"embeddable":true,"href":"https:\/\/ambardcke.org\/fr\/wp-json\/wp\/v2\/media\/2047"}],"wp:attachment":[{"href":"https:\/\/ambardcke.org\/fr\/wp-json\/wp\/v2\/media?parent=2045"}],"curies":[{"name":"wp","href":"https:\/\/api.w.org\/{rel}","templated":true}]}}